{"id":6173,"date":"2022-03-28T11:14:00","date_gmt":"2022-03-28T11:14:00","guid":{"rendered":"https:\/\/joincircles.net\/besteuerung\/"},"modified":"2023-05-25T09:39:44","modified_gmt":"2023-05-25T09:39:44","slug":"besteuerung","status":"publish","type":"page","link":"https:\/\/joincircles.net\/de\/besteuerung\/","title":{"rendered":"Besteuerung"},"content":{"rendered":"<div id='av_section_1'  class='avia-section av-9avy0g-e45237048e71880a44db8d0809e860c2 main_color avia-section-default avia-no-border-styling  avia-builder-el-0  avia-builder-el-no-sibling  avia-bg-style-scroll container_wrap sidebar_right'  ><div class='container av-section-cont-open' ><main  role=\"main\" itemprop=\"mainContentOfPage\"  class='template-page content  av-content-small alpha units'><div class='post-entry post-entry-type-page post-entry-6173'><div class='entry-content-wrapper clearfix'>\n\n<style type=\"text\/css\" data-created_by=\"avia_inline_auto\" id=\"style-css-av-l3od1ww6-c42a584f1698b4ddafe04eba42f974b9\">\n#top .hr.hr-invisible.av-l3od1ww6-c42a584f1698b4ddafe04eba42f974b9{\nheight:70px;\n}\n<\/style>\n<div  class='hr av-l3od1ww6-c42a584f1698b4ddafe04eba42f974b9 hr-invisible  avia-builder-el-1  el_before_av_one_full  avia-builder-el-first '><span class='hr-inner '><span class=\"hr-inner-style\"><\/span><\/span><\/div>\n\n<style type=\"text\/css\" data-created_by=\"avia_inline_auto\" id=\"style-css-av-5cfrtc-3b4c1b84e827443b2d0d3d7ffd07cf92\">\n.flex_column.av-5cfrtc-3b4c1b84e827443b2d0d3d7ffd07cf92{\nborder-radius:7px 7px 7px 7px;\npadding:30px 30px 30px 30px;\nbackground-color:#ffffff;\n}\n<\/style>\n<div  class='flex_column av-5cfrtc-3b4c1b84e827443b2d0d3d7ffd07cf92 av_one_full  avia-builder-el-2  el_after_av_hr  avia-builder-el-last  first flex_column_div  '     ><section  class='av_textblock_section av-kvaxgs8e-b9a8e4802a04fb3acf0309e0368851fd '   itemscope=\"itemscope\" itemtype=\"https:\/\/schema.org\/CreativeWork\" ><div class='avia_textblock'  itemprop=\"text\" ><h1 style=\"text-align: center;\"><strong>Besteuerung<\/strong><\/h1>\n<\/div><\/section><br \/>\n\n<style type=\"text\/css\" data-created_by=\"avia_inline_auto\" id=\"style-css-av-3wfru8-5eca027b52b1ed12b68330e183aaaa04\">\n#top .hr.hr-invisible.av-3wfru8-5eca027b52b1ed12b68330e183aaaa04{\nheight:50px;\n}\n<\/style>\n<div  class='hr av-3wfru8-5eca027b52b1ed12b68330e183aaaa04 hr-invisible  avia-builder-el-4  el_after_av_textblock  el_before_av_textblock '><span class='hr-inner '><span class=\"hr-inner-style\"><\/span><\/span><\/div><br \/>\n<section  class='av_textblock_section av-kvaxn0b3-f5847efaaa9ef5a66719a31a8199deea '   itemscope=\"itemscope\" itemtype=\"https:\/\/schema.org\/CreativeWork\" ><div class='avia_textblock'  itemprop=\"text\" ><h1 style=\"text-align: center;\"><b>Steuer-Szenarien f\u00fcr die Nutzung von Circles in Deutschland<\/b><\/h1>\n<p>Die Besteuerung h\u00e4ngt vom Land deines Steuerwohnsitzes ab. Wir bieten keine Steuerberatung an und raten dir, dich diesbez\u00fcglich an eine\/-n Expert\/-in zu wenden. Hier findest du Informationen zur Besteuerung f\u00fcr konkrete F\u00e4lle wirtschaftlicher T\u00e4tigkeiten mit Circles (CRC) auf Grundlage des deutschen Steuerrechts.<\/p>\n<h2><b>SCHRITT<\/b><b> 1: MINTING<\/b><\/h2>\n<h3><b>Anfangssaldo:<\/b><b><\/b><\/h3>\n<p>Helga: 0 Helga-Tokens<br \/>\nNico: 0 Nico-Tokens<\/p>\n<h3><b>Ablauf:<\/b><\/h3>\n<p>Die Privatpersonen Helga und Nico generieren (\u201cminten\u201d) jeweils 720 Helga- bzw. Nico-Tokens pro Monat.<\/p>\n<h3><b>Schlusssaldo:<\/b><\/h3>\n<p>Helga: 720 Helga-Tokens<br \/>\nNico: 720 Nico-Tokens<\/p>\n<h3><b>FRAGE:<\/b><\/h3>\n<p>Ist dieses Verfahren steuerneutral und regulatorisch einwandfrei?<\/p>\n<h3><b>ANTWORT:<\/b><\/h3>\n<p>Bei Privatpersonen (wie Helga und Nico) stellt das Minten von Tokens einen steuerpflichtigen Zufluss von Tokens dar, der nach \u00a722 Nr. 3 EStG zu bewerten ist. \u201cMinting\u201d kann mit \u201cStaking\u201d verglichen werden. Der Wert der Tokens kann in CRC ermittelt werden. Die Helga- und Nico-Tokens sind zwar nicht b\u00f6rsennotiert, k\u00f6nnen aber jederzeit im Verh\u00e4ltnis 1:1 in CRC umgetauscht werden. Wenn der Wert der Nico- und Helga-Tokens beim Minting 1 \u20ac pro 10 CRC betr\u00e4gt, wird der Zufluss von Helga- und Nico-Tokens ebenfalls mit diesem Wert bewertet. Da die Tokens nicht gekauft wurden, f\u00e4llt bei ihrem Verkauf keine Steuer an. Sie k\u00f6nnen jederzeit steuerfrei verkauft oder in CRC umgetauscht werden. Aus regulatorischer Sicht ist das Verfahren unproblematisch.<\/p>\n<h2><b>SCHRITT<\/b><b> 2: Serviceleistungen zwischen Privatpersonen<\/b><\/h2>\n<h3><b>Anfangssaldo:<\/b><b><\/b><\/h3>\n<p>Helga: 1000 Helga-Tokens<br \/>\nNico: 1000 Nico-Tokens<\/p>\n<h3><b>Ablauf:<\/b><b><\/b><\/h3>\n<p>Helga bittet Nico, in ihrer Abwesenheit ihre Blumen zu gie\u00dfen. Daf\u00fcr bezahlt sie 200 CRC.<br \/>\nNico backt die besten Cupcakes in der Nachbarschaft. Helga kauft einen Teller Cupcakes f\u00fcr 200 CRC.<\/p>\n<h3><b>Schlusssaldo:<\/b><b><\/b><\/h3>\n<p>Helga: 600 Helga-Tokens<br \/>\nNico: 1000 Nico-Tokens, 400 Helga-Tokens<\/p>\n<h3><b>FRAGE:<\/b><\/h3>\n<p>Ist dieses Einkommen f\u00fcr Nico steuerpflichtig? Wenn Nico viele Cupcakes backt und alle Pflanzen in der Nachbarschaft gie\u00dft, dies aber nicht beruflich tut, kann er dann ein so hohes Einkommen erzielen, dass es steuerpflichtig ist?<\/p>\n<h3><b>ANTWORT:<\/b><\/h3>\n<p>Das h\u00e4ngt von der H\u00f6he des Einkommens ab, das Nico mit dem Blumengie\u00dfen und dem Verkaufen von Cupcakes verdient: Wenn Nico einen Vollzeitjob hat, darf er bis zu 520 Euro (2023) im Jahr steuerfrei nebenbei verdienen (siehe \u00a7 46, Abs 2 Nr. 1 EStG). Wenn Nico regelm\u00e4\u00dfig und dauerhaft Dienstleistungen gegen Entgelt erbringt, muss er ein Gewerbe anmelden und sein Einkommen versteuern. Unter bestimmten Voraussetzungen muss er zudem Umsatzsteuer abf\u00fchren, wenn er die Einkommensgrenze f\u00fcr KleinunternehmerInnen nach \u00a719 UstG \u00fcberschreitet. Aus steuerlicher Sicht ist der Cupcake-Verkauf dann die Haupteinnahmequelle und stellt somit eine gewerbliche T\u00e4tigkeit dar. Bis zum Grundfreibetrag von 10.908 Euro pro Jahr (Stand: 2023) ist dies jedoch steuerfrei.<\/p>\n<h2><b>SCHRITT<\/b> \u00a0<b>3: GEWERBLICHER HANDEL<\/b><\/h2>\n<h3><b>Anfangssaldo:<\/b><b><\/b><\/h3>\n<p>Helga: 2000 Helga-Tokens<br \/>\nNico: 2000 Nico-Tokens<br \/>\nCircles Coop: 0 Nico-Token, 0 Helga-Tokens<\/p>\n<h3><b>Ablauf:<\/b><\/h3>\n<p>Die Privatpersonen Helga und Nico kaufen beim gewerblichen H\u00e4ndler Circles Coop jeweils f\u00fcr 2000 CRC f\u00fcnf Gem\u00fcsekisten im Gesamtwert von 400 Euro.<\/p>\n<h3><b>Schlusssaldo:<\/b><b><\/b><\/h3>\n<p>Helga: 0 Helga-Tokens<br \/>\nNico: 0 Nico-Tokens<br \/>\nCircles Coop: 4000 CRC (2000 Nico-Tokens + 2000 Helga-Tokens)<\/p>\n<h3><b>FRAGE:<\/b><\/h3>\n<p>1) Ist dieser Prozess regulatorisch einwandfrei?<\/p>\n<p>2) Welche Steuern werden dabei in der Buchhaltung der Circles Coop berechnet?<\/p>\n<p>3) Wie sieht die Rechnung der Circles Coop an Nico aus?<\/p>\n<p>4) Welche Informationen ben\u00f6tigt die Steuerberaterin der Circles Coop, um korrekte Buchungen vornehmen zu k\u00f6nnen?<\/p>\n<h3><b>ANTWORT:<\/b><\/h3>\n<p>1) Ja, der einzige Unterschied zu einer normalen Gesch\u00e4ftstransaktion besteht darin, dass die Waren nicht in einer Fiat-W\u00e4hrung wie Euro, sondern in einer Komplement\u00e4rw\u00e4hrung bezahlt werden. Dies ist im regulatorischen Sinn irrelevant.<\/p>\n<p>2) Da es sich bei einer Genossenschaft um eine bilanzierende Gesellschaft handelt, werden die Gem\u00fcsekisten beim Verkauf aus den Aktiva der Genossenschaft entfernt. Da es sich um ein Tauschgesch\u00e4ft handelt, werden die Tokens gem\u00e4\u00df \u00a7 6 Abs. 6 S. 1 EstG mit dem Verkehrswert der Gem\u00fcsekisten bilanziert. Dies f\u00fchrt zu einem steuerpflichtigen Gewinn.<\/p>\n<p>3) Beim Verkauf von Waren (Gem\u00fcsekisten) gegen Komplement\u00e4rw\u00e4hrungen f\u00e4llt eine Geb\u00fchr in H\u00f6he des Verkaufspreises und in Form einer Komplement\u00e4rw\u00e4hrung an. F\u00fcr die Nutzung von CRC f\u00fcr die Zahlung dieser Geb\u00fchr f\u00e4llt keine Umsatzsteuer an. Die gekauften Waren und Dienstleistungen unterliegen allerdings der regul\u00e4ren Umsatzsteuer. Das bedeutet, dass sich die Besteuerungsgrundlage grunds\u00e4tzlich nach dem Wert der jeweiligen Komplement\u00e4rw\u00e4hrung und damit nach der Wertsch\u00e4tzung in Fiatgeld richtet, woraus sich wiederum die H\u00f6he der Umsatzsteuer ergibt. Nur der Verkauf von Komplement\u00e4rw\u00e4hrungen gegen Fiatgeld und der Tausch von Komplement\u00e4rw\u00e4hrungen ist gem\u00e4\u00df Urteil des EuGH nach \u00a7 4 Nr. 8 b UStG steuerfrei. Auf der Rechnung muss die Umsatzsteuer wie bei einer normalen Rechnung entsprechend ausgewiesen werden. Der Preis der Gem\u00fcsekiste in Euro wird in CRC umgerechnet und entsprechend angegeben. Der Wert in Euro muss ebenfalls angegeben werden.<\/p>\n<p>4) F\u00fcr die Steuererkl\u00e4rung ben\u00f6tigt die Steuerberaterin den Betrag der erhaltenen CRC und den Gesamtwert der Gem\u00fcsekisten zum Zeitpunkt des Verkaufs. Beides ist auf der Rechnung auszuweisen.<\/p>\n<h2><b>SCHRITT<\/b><b> 4: Dienstleistung<\/b><\/h2>\n<h3><b>Anfangssaldo:<\/b><\/h3>\n<p>Circles Coop: 4000 CRC (2000 Nico-Tokens + 2000 Helga-Tokens)<br \/>\nCircle Startup Agentur Verein: 0 Nico-Tokens<\/p>\n<h3><b>Ablauf:<\/b><\/h3>\n<p>Der wirtschaftlich orientierte Circle Startup Agentur Verein schreibt einen Blogartikel f\u00fcr den gewerblichen H\u00e4ndler Circles Coop \u00fcber die Besteuerung von CRC f\u00fcr Unternehmen. Der Verein stellt daraufhin eine Dienstleistungsrechnung an die Circles Coop aus.<\/p>\n<h3><b>Schlusssaldo:<\/b><\/h3>\n<p>Circles Coop: 0 CRC<br \/>\nCircle Startup Agentur Verein: 4000 CRC<\/p>\n<h3><b>FRAGE:<\/b><\/h3>\n<p>1) Gelten hierbei die gleichen Regeln f\u00fcr B2B-Gesch\u00e4fte (zwischen Unternehmen) wie f\u00fcr B2C-Gesch\u00e4fte (zwischen Unternehmen und Kund\/innen)?<\/p>\n<h3><b>ANTWORT:<\/b><\/h3>\n<p>1) Ja, es gelten die gleichen Regeln wie f\u00fcr B2C-Gesch\u00e4fte. Die Rechnung muss den Wert der CRC in Euro und die Menge an CRC ausweisen. Die Mehrwertsteuer ist separat auszuweisen, einschlie\u00dflich der Menge an CRC und des Wertes in Euro.<\/p>\n<h2><b>SCHRITT<\/b> <b>5: Arbeitsverh\u00e4ltnis<\/b><\/h2>\n<h3><b>Anfangssaldo:<\/b><b><\/b><\/h3>\n<p>Helga: 1000 Helga-Tokens<br \/>\nNico: 1000 Nico-Tokens<br \/>\nCircles Coop: 1000 CRC<br \/>\nCircle Startup Agentur Verein: 4000 CRC (2000 Helga-Tokens + 2000 Nico-Tokens)<\/p>\n<h3><b>Ablauf:<\/b><b><\/b><\/h3>\n<p>Nico erh\u00e4lt als aktives Vorstandsmitglied des Circle Startup Agentur Vereins ein monatliches Nettogehalt von 1.000 Euro.<br \/>\nEr akzeptiert die Zahlung des Gehalts in Form von 750 Euro und 2500 CRC.<\/p>\n<h3><b>Schlusssaldo:<\/b><b><\/b><\/h3>\n<p>Helga: 1000 Helga-Tokens<br \/>\nNico: 3500 CRC (2250 Nico-Tokens + 1250 Helga-Tokens)<br \/>\nCircles Coop: 1000 CRC<br \/>\nCircle Startup Agentur Verein: 1500 CRC (750 Helga-Tokens + 750 Nico-Tokens)<\/p>\n<h3><b>FRAGE:<\/b><\/h3>\n<p>Kann der Verein das Gehalt seiner Angestellten teilweise in CRC zahlen, sofern diese CRC akzeptieren?<\/p>\n<h3><b>ANTWORT:<\/b><\/h3>\n<p>Grunds\u00e4tzlich ja, aber die Bedingungen sollten im Arbeitsvertrag entsprechend festgelegt werden. Nach \u00a7 107 GewO Abs. 1 ist das Gehalt in Euro zu zahlen. Allerdings kann nach \u00a7 107 GewO Abs. 2 das Gehalt auch Sachleistungen in H\u00f6he von ca. 25 % enthalten, d. h. 25 % des Gehalts k\u00f6nnen in CRC gezahlt werden. Es muss daf\u00fcr m\u00f6glich sein, den Wert der CRC in Euro zu bestimmen. Zu beachten ist auch, dass die Lohnsteuer und die Sozialversicherungsbeitr\u00e4ge je nach H\u00f6he des Gehalts in Euro zu zahlen sind.<\/p>\n<h2><b>SCHRITT<\/b> \u00a0<b>6: Vereinsmitglieder<\/b><\/h2>\n<h3><b>Anfangssaldo:<\/b><b><\/b><\/h3>\n<p>Helga: 1000 Helga-Tokens<br \/>\nNico: 5000 CRC (3000 Nico-Tokens + 2000 Helga-Tokens)<br \/>\nCircle Startup Agentur Verein: 0 CRC<\/p>\n<h3><b>Verfahren:<\/b><\/h3>\n<p>Die Privatpersonen Helga und Nico werden F\u00f6rdermitglieder von Nicos Circle Startup Agentur Verein. Sie zahlen jeweils einen Mitgliedsbeitrag von 300 CRC\/Monat und erhalten ein Stimmrecht dar\u00fcber, welche Projekte in den Verein aufgenommen und mit den Mitgliedsbeitr\u00e4gen unterst\u00fctzt werden (z. B. neue Circles Startup-Unternehmen).<\/p>\n<h3><b>Schlusssaldo:<\/b><b><\/b><\/h3>\n<p>Helga: 700 Helga-Tokens<br \/>\nNico: 4700 CRC (2700 Nico-Tokens + 2000 Helga-Tokens)<br \/>\nCircle Startup Agentur Verein: 600 Circles-Tokens (300 Nico-Tokens + 300 Helga-Tokens)<\/p>\n<h3><b>FRAGE:<\/b><\/h3>\n<p>1) Kann der Verein zur Zahlung der Mitgliedsbeitr\u00e4ge auch CRC annehmen?<\/p>\n<p>2) Sind auf die Mitgliedsbeitr\u00e4ge Steuern zu zahlen?<\/p>\n<h3><b>ANTWORT:<\/b><\/h3>\n<p>1) Ja, aber nach \u00a7 58 Nr. 2 BGB muss die Satzung des Vereins Bestimmungen dar\u00fcber enthalten, ob und welche Beitr\u00e4ge die Mitglieder des Vereins zu zahlen haben. Die Beitr\u00e4ge m\u00fcssen nicht unbedingt in Form von Geldleistungen gezahlt werden, auch Sachleistungen sind m\u00f6glich. Folglich k\u00f6nnen die Beitr\u00e4ge auch in Komplement\u00e4rw\u00e4hrungen gezahlt werden.<\/p>\n<p>2) Handelt es sich um echte Mitgliedsbeitr\u00e4ge (der Beitrag wird dazu verwendet, dass der Verein die Gesamtinteressen aller Mitglieder verfolgt, kein Leistungsaustausch mit einzelnen Mitgliedern kommt zustande), d. h. die Beitr\u00e4ge dienen den satzungsgem\u00e4\u00dfen Zwecken des Vereins, unterliegen sie nicht der Umsatzsteuer. Findet jedoch ein Leistungsaustausch statt, wird auf die Leistungen Mehrwertsteuer erhoben. Die Einzelheiten sind kompliziert und im Einzelfall sehr umstritten, sodass sich eine gr\u00fcndliche Pr\u00fcfung empfiehlt.<\/p>\n<h3><b>SCHRITT<\/b><b> 7: TAUSCH VON CRC IN EURO<\/b><\/h3>\n<h3><b>Anfangssaldo:<\/b><\/h3>\n<p>Circle Startup Agentur Verein: 600 CRC (300 Nico-Tokens + 300 Helga-Tokens)<\/p>\n<h3><b>Ablauf:<\/b><\/h3>\n<p>Die Mitglieder des Circle Startup Agentur Vereins haben beschlossen, ein Open-Source-Softwareprojekt zu entwickeln. Sie tauschen ihre 600 CRC auf einer dezentralen B\u00f6rse gegen 40 Euro bei der Circles Coop ein, um damit die Arbeitgeberanteile ihrer angestellten Programmierer\/innen und die Steuern des Vereins in Euro zu bezahlen.<\/p>\n<h3><b>Schlusssaldo:<\/b><\/h3>\n<p>Circles Coop: 600 CRC (300 Nico-Tokens + 300Helga-Tokens)<br \/>\nCircle Startup Agentur Verein: 40 \u20ac<\/p>\n<h3><b>FRAGE:<\/b><\/h3>\n<p>1)Was passiert steuerlich bei dem Verein (oder einer anderen gewerblich t\u00e4tigen Person, z. B. einer Gesellschaft mit beschr\u00e4nkter Haftung oder einer Genossenschaft), der theoretisch einen Wechselkursverlust von 20 Euro hat?<\/p>\n<p>2) Was passiert steuerlich bei der Circles Coop beim Kauf von CRC-Tokens?<\/p>\n<p>3) Wie wird der Wechselkursgewinn steuerlich verrechnet, wenn Circles Coop die (f\u00fcr 40 Euro) gekauften 600 CRC gegen eine Ware oder Dienstleistung im Wert von 600 CRC = 60 Euro bei einem anderen Anbieter eintauscht?<\/p>\n<p>4) Welche regulatorischen Aspekte sind beim Umtausch von Euro in CRC zu beachten?<\/p>\n<h3><b>ANTWORT:<\/b><\/h3>\n<p>1) Je nach dem Wert, zu dem die 600 CRC beim Verein eingegangen sind, kann ein Wertverlust eintreten. Erh\u00e4lt der Verein beispielsweise 600 CRC (Wert 60 Euro) als Mitgliedsbeitrag und verkauft 600 CRC (Wert 40 Euro) an der B\u00f6rse, kann ein steuerlich relevanter Verlust von 20 Euro entstehen.<\/p>\n<p>2) Es entstehen Betriebskosten in H\u00f6he des Wertes der CRC (40 Euro) zum Zeitpunkt des Kaufs der Tokens und des Erhalts der Ware oder Dienstleistung (600 CRC).<\/p>\n<p>3) In diesem Fall w\u00fcrde die Circles Coop einen steuerlich relevanten Gewinn von 20 Euro erzielen, wenn sie die 600 CRC f\u00fcr 60 Euro verkauft.<\/p>\n<p>4) Die Verwendung von CRC als Zahlungsmittel ist aus regulatorischer Sicht unproblematisch. Sie wird erst dann relevant, wenn die Circles Coop sich als Marktplatz f\u00fcr den Austausch von Tokens zur Verf\u00fcgung stellt. \u00dcber die Circles Coop k\u00f6nnen z. B. Nico-Tokens gegen Helga-Tokens getauscht werden. Damit liegt ein sogenannter Eigenhandel vor, der einer Lizenz bedarf.<\/p>\n<h3>MIT CIRCLES K\u00d6NNEN COMMUNITIES SICH SELBST EIN GRUNDEINKOMMEN GEBEN, OHNE AUF DEN STAAT ZU WARTEN<\/h3>\n<\/div><\/section><\/p><\/div><\/div><\/div><\/main><!-- close content main element --><\/div><\/div><div id='after_section_1'  class='main_color av_default_container_wrap container_wrap sidebar_right'  ><div class='container av-section-cont-open' ><div class='template-page content  av-content-small alpha units'><div class='post-entry post-entry-type-page post-entry-6173'><div class='entry-content-wrapper clearfix'>\n","protected":false},"excerpt":{"rendered":"","protected":false},"author":1,"featured_media":0,"parent":0,"menu_order":0,"comment_status":"closed","ping_status":"closed","template":"","meta":{"inline_featured_image":false,"footnotes":""},"_links":{"self":[{"href":"https:\/\/joincircles.net\/de\/wp-json\/wp\/v2\/pages\/6173"}],"collection":[{"href":"https:\/\/joincircles.net\/de\/wp-json\/wp\/v2\/pages"}],"about":[{"href":"https:\/\/joincircles.net\/de\/wp-json\/wp\/v2\/types\/page"}],"author":[{"embeddable":true,"href":"https:\/\/joincircles.net\/de\/wp-json\/wp\/v2\/users\/1"}],"replies":[{"embeddable":true,"href":"https:\/\/joincircles.net\/de\/wp-json\/wp\/v2\/comments?post=6173"}],"version-history":[{"count":19,"href":"https:\/\/joincircles.net\/de\/wp-json\/wp\/v2\/pages\/6173\/revisions"}],"predecessor-version":[{"id":16962,"href":"https:\/\/joincircles.net\/de\/wp-json\/wp\/v2\/pages\/6173\/revisions\/16962"}],"wp:attachment":[{"href":"https:\/\/joincircles.net\/de\/wp-json\/wp\/v2\/media?parent=6173"}],"curies":[{"name":"wp","href":"https:\/\/api.w.org\/{rel}","templated":true}]}}